{"id":987497096,"date":"2019-03-23T13:44:46","date_gmt":"2019-03-23T13:44:46","guid":{"rendered":"https:\/\/sophiemassage.hu\/?page_id=987497096"},"modified":"2026-02-24T13:23:32","modified_gmt":"2026-02-24T13:23:32","slug":"impressum","status":"publish","type":"page","link":"https:\/\/sophiemassage.hu\/de\/impressum\/","title":{"rendered":"Impressum"},"content":{"rendered":"<p>[et_pb_section fb_built=&#8220;1&#8243; custom_padding_last_edited=&#8220;on|phone&#8220; admin_label=&#8220;Section &#8211; About header&#8220; _builder_version=&#8220;4.27.5&#8243; background_color=&#8220;rgba(196,165,107,0.1)&#8220; parallax=&#8220;on&#8220; parallax_method=&#8220;off&#8220; custom_padding=&#8220;80px||200px||false|false&#8220; custom_padding_tablet=&#8220;40px||40px||true|false&#8220; custom_padding_phone=&#8220;30px||30px||true|false&#8220; locked=&#8220;off&#8220; global_colors_info=&#8220;{}&#8220;][et_pb_row custom_padding_last_edited=&#8220;on|phone&#8220; _builder_version=&#8220;4.27.5&#8243; background_size=&#8220;initial&#8220; background_position=&#8220;top_left&#8220; background_repeat=&#8220;repeat&#8220; custom_padding_tablet=&#8220;&#8220; custom_padding_phone=&#8220;||10px||false|false&#8220; global_colors_info=&#8220;{}&#8220;][et_pb_column type=&#8220;4_4&#8243; _builder_version=&#8220;4.16&#8243; custom_padding=&#8220;|||&#8220; global_colors_info=&#8220;{}&#8220; custom_padding__hover=&#8220;|||&#8220;][et_pb_text admin_label=&#8220;About Page Top Header &#8211; Text&#8220; _builder_version=&#8220;4.27.5&#8243; text_font=&#8220;|300|||||||&#8220; text_font_size=&#8220;20px&#8220; header_font=&#8220;|700||on|||||&#8220; header_text_color=&#8220;#c4a56b&#8220; header_font_size=&#8220;60px&#8220; text_orientation=&#8220;center&#8220; module_alignment=&#8220;center&#8220; hover_enabled=&#8220;0&#8243; text_font_size_tablet=&#8220;19px&#8220; text_font_size_phone=&#8220;17px&#8220; text_font_size_last_edited=&#8220;on|phone&#8220; header_font_size_tablet=&#8220;50px&#8220; header_font_size_phone=&#8220;28px&#8220; header_font_size_last_edited=&#8220;on|tablet&#8220; global_colors_info=&#8220;{}&#8220; sticky_enabled=&#8220;0&#8243;]<\/p>\n<h1>Impressum<\/h1>\n<p>[\/et_pb_text][\/et_pb_column][\/et_pb_row][\/et_pb_section][et_pb_section fb_built=&#8220;1&#8243; custom_padding_last_edited=&#8220;on|desktop&#8220; admin_label=&#8220;Section &#8211; About content&#8220; _builder_version=&#8220;4.16&#8243; custom_padding=&#8220;0px|3px|10px|||&#8220; custom_padding_tablet=&#8220;50px|||&#8220; custom_padding_phone=&#8220;&#8220; locked=&#8220;off&#8220; global_colors_info=&#8220;{}&#8220;][et_pb_row use_custom_gutter=&#8220;on&#8220; gutter_width=&#8220;1&#8243; make_equal=&#8220;on&#8220; module_class=&#8220;about-page-content&#8220; _builder_version=&#8220;4.27.5&#8243; custom_margin_tablet=&#8220;&#8220; custom_margin_phone=&#8220;&#8220; custom_margin_last_edited=&#8220;on|desktop&#8220; custom_padding=&#8220;||||false|false&#8220; global_colors_info=&#8220;{}&#8220;][et_pb_column type=&#8220;4_4&#8243; _builder_version=&#8220;4.16&#8243; background_color=&#8220;#ffffff&#8220; custom_padding=&#8220;75px|50px|30px|50px&#8220; custom_padding_tablet=&#8220;30px|0px|0px|0px&#8220; custom_padding_phone=&#8220;30px|0px|0px|0px&#8220; custom_padding_last_edited=&#8220;on|desktop&#8220; global_colors_info=&#8220;{}&#8220; custom_padding__hover=&#8220;|||&#8220;][et_pb_text _builder_version=&#8220;4.27.5&#8243; text_font=&#8220;|300|||||||&#8220; hover_enabled=&#8220;0&#8243; global_colors_info=&#8220;{}&#8220; sticky_enabled=&#8220;0&#8243;]<strong>1) Der f\u00fcr den Inhalt der Website und der \u00fcber die von Ihnen aufgerufene Internetadresse verf\u00fcgbaren Social-Media-Plattform verantwortliche Datenverantwortliche \u2013 gemeinsam als Website bezeichnet \u2013 sowie der Inhaber der Domain und der Website:<\/strong><\/p>\n<p><strong>B\u00e9csi Zs\u00f3fi E.V.<\/strong><\/p>\n<p><span>Eingetragen unter: 9024 Gy\u0151r, Babits Mih\u00e1ly utca 14\/A Fsz 2.<br \/>\nNr.: 91771191-1-28<br \/>\nEingetragen beim Handelsgericht Gy\u0151r.<\/span><\/p>\n<p><strong>2.) Die Aufsichtsbeh\u00f6rde f\u00fcr die Datenverarbeitung:<\/strong><\/p>\n<p><strong>Nationale Beh\u00f6rde f\u00fcr Datenschutz und Informationsfreiheit<\/strong><\/p>\n<p>Eingetragen unter: 1125 Budapest, Falk Miksa utca 9-11.<br \/>\nPostanschrift: 1363 Budapest, Pf. 9.<br \/>\nTelefon: +36 30 683 5969<br \/>\nFax: +36 1 391 1410<br \/>\nE-Mail: ugyfelszolgalat@naih.hu<br \/>\n<br \/>\nWebsite: http:\/\/www.naih.hu\/<\/p>\n<p><strong>3.) Hosting-Anbieter:<\/strong><\/p>\n<p><strong>KTS Online Kft<\/strong><br \/>\nSteuernummer: 29152106-2-08.<br \/>\nHandelsregisternummer: 08-09-032885<br \/>\nEingetragen beim Handelsgericht Gy\u0151r.<br \/>\nStatistiknummer: 29152106-6311-113-08.<br \/>\nUmsatzsteuer-Identifikationsnummer: HU29152106.<\/p>\n<p>HAUPTSITZ: 9024 Gy\u0151r, Bart\u00f3k B\u00e9la Street 26\/B, Erdgeschoss 2.<br \/>\nTELEFON: +36-20\/316-2431<br \/>\nE-MAIL: info@kts.hu<\/p>\n<p>SERVERRAUM: 1132 Budapest, Victor Hug\u00f3 Street 18-22.<\/p>\n<p><strong>4.) Wenn Sie ein Nutzer (Verbraucher) sind, der in der Europ\u00e4ischen Union lebt, k\u00f6nnen Sie im Zusammenhang mit Ihrer Beschwerde \u00fcber die Dienstleistung das folgende Online-Streitbeilegungstool der Europ\u00e4ischen Kommission nutzen.<\/strong><\/p>\n<p><strong>Online-Streitbeilegungsplattform der Europ\u00e4ischen Kommission<\/strong><br \/>\nWebsite: <a href=\"https:\/\/webgate.ec.europa.eu\/odr\" target=\"_blank\" rel=\"noopener\">https:\/\/webgate.ec.europa.eu\/odr<br \/>\n<\/a><\/p>\n<p>Diese internetbasierte Plattform wurde von der EU f\u00fcr Verbraucher geschaffen, die eine Beschwerde \u00fcber Produkte oder Dienstleistungen einreichen m\u00f6chten, die sie online gekauft haben, und die eine neutrale dritte Partei (Streitbeilegungsstelle) um die Bearbeitung der Beschwerde bitten m\u00f6chten.<\/p>\n<p>Weitere Informationen \u00fcber die Online-Streitbeilegungsplattform und deren Nutzung sowie dar\u00fcber, wie Streitigkeiten beigelegt werden k\u00f6nnen, finden Sie auf der Website, die \u00fcber den obenstehenden Link erreichbar ist.[\/et_pb_text][\/et_pb_column][\/et_pb_row][\/et_pb_section][et_pb_section fb_built=&#8220;1&#8243; _builder_version=&#8220;4.27.5&#8243; _module_preset=&#8220;default&#8220; locked=&#8220;off&#8220; global_colors_info=&#8220;{}&#8220;][et_pb_row _builder_version=&#8220;4.16&#8243; custom_padding=&#8220;||10px|&#8220; global_colors_info=&#8220;{}&#8220;][et_pb_column type=&#8220;4_4&#8243; _builder_version=&#8220;4.16&#8243; custom_padding=&#8220;|||&#8220; global_colors_info=&#8220;{}&#8220; custom_padding__hover=&#8220;|||&#8220;][et_pb_text admin_label=&#8220;Default Header&#8220; module_class=&#8220;default-header&#8220; _builder_version=&#8220;4.27.5&#8243; text_font=&#8220;|300|||||||&#8220; module_alignment=&#8220;right&#8220; global_colors_info=&#8220;{}&#8220;]<\/p>\n<h1>\u00cdrj nek\u00fcnk<\/h1>\n<div class=\"flex max-w-full flex-col grow\">\n<div data-message-author-role=\"assistant\" data-message-id=\"7c7a146c-add9-4db1-92b6-05afec5d878c\" dir=\"auto\" class=\"min-h-8 text-message relative flex w-full flex-col items-end gap-2 text-start break-words whitespace-normal [.text-message+&amp;]:mt-1\" data-message-model-slug=\"gpt-5-2\">\n<div class=\"flex w-full flex-col gap-1 empty:hidden first:pt-[1px]\">\n<div class=\"markdown prose dark:prose-invert w-full wrap-break-word dark markdown-new-styling\">\n<p data-start=\"590\" data-end=\"687\" data-is-last-node=\"\" data-is-only-node=\"\">Vegye fel vel\u00fcnk a kapcsolatot telefonon, e-mailben vagy az \u0171rlapon kereszt\u00fcl.<\/p>\n<\/div>\n<\/div>\n<\/div>\n<\/div>\n<div class=\"z-0 flex min-h-[46px] justify-start\"><\/div>\n<div class=\"mt-3 w-full empty:hidden\">\n<div class=\"text-center\">\n<div>\n<div class=\"inline-flex border border-gray-100 dark:border-gray-700 rounded-xl\">\n<div class=\"text-token-text-secondary flex items-center justify-center gap-4 px-4 py-2.5 text-sm whitespace-nowrap\"><\/div>\n<\/div>\n<\/div>\n<\/div>\n<\/div>\n<p>[\/et_pb_text][\/et_pb_column][\/et_pb_row][et_pb_row column_structure=&#8220;1_2,1_2&#8243; make_equal=&#8220;on&#8220; _builder_version=&#8220;4.27.5&#8243; global_colors_info=&#8220;{}&#8220;][et_pb_column type=&#8220;1_2&#8243; _builder_version=&#8220;4.27.5&#8243; custom_padding=&#8220;|||&#8220; custom_css_main_element=&#8220;margin: auto;&#8220; global_colors_info=&#8220;{}&#8220; custom_padding__hover=&#8220;|||&#8220;][et_pb_contact_form use_spam_service=&#8220;on&#8220; recaptcha_list=&#8220;sophiemassagehu|sophiemassagehu-0&#8243; email=&#8220;info@sophiemassage.hu&#8220; custom_message=&#8220;N\u00e9v: %%Name%%||et_pb_line_break_holder||Email: %%Email%%||et_pb_line_break_holder||\u00dczenet: %%Message%%||et_pb_line_break_holder||||et_pb_line_break_holder||Az \u00fczenet k\u00fcldve a sophiemassage.hu oldalr\u00f3l.&#8220; admin_label=&#8220;Contact Form &#8211; class .de-contact-form&#8220; module_class=&#8220;de-contact-form&#8220; _builder_version=&#8220;4.27.5&#8243; _unique_id=&#8220;99660aef-7e41-407e-b412-8903b3864920&#8243; form_field_text_color=&#8220;#000000&#8243; form_field_font=&#8220;|300|||||||&#8220; custom_button=&#8220;on&#8220; button_text_color=&#8220;#ffffff&#8220; button_bg_color=&#8220;#c4a56b&#8220; button_border_radius=&#8220;10px&#8220; button_font=&#8220;||||||||&#8220; button_use_icon=&#8220;off&#8220; global_colors_info=&#8220;{}&#8220;][et_pb_contact_field field_id=&#8220;Name&#8220; field_title=&#8220;N\u00e9v&#8220; fullwidth_field=&#8220;on&#8220; _builder_version=&#8220;4.27.5&#8243; global_colors_info=&#8220;{}&#8220; button_text_size__hover_enabled=&#8220;off&#8220; button_one_text_size__hover_enabled=&#8220;off&#8220; button_two_text_size__hover_enabled=&#8220;off&#8220; button_text_color__hover_enabled=&#8220;off&#8220; button_one_text_color__hover_enabled=&#8220;off&#8220; button_two_text_color__hover_enabled=&#8220;off&#8220; button_border_width__hover_enabled=&#8220;off&#8220; button_one_border_width__hover_enabled=&#8220;off&#8220; button_two_border_width__hover_enabled=&#8220;off&#8220; button_border_color__hover_enabled=&#8220;off&#8220; button_one_border_color__hover_enabled=&#8220;off&#8220; button_two_border_color__hover_enabled=&#8220;off&#8220; button_border_radius__hover_enabled=&#8220;off&#8220; button_one_border_radius__hover_enabled=&#8220;off&#8220; button_two_border_radius__hover_enabled=&#8220;off&#8220; button_letter_spacing__hover_enabled=&#8220;off&#8220; button_one_letter_spacing__hover_enabled=&#8220;off&#8220; button_two_letter_spacing__hover_enabled=&#8220;off&#8220; button_bg_color__hover_enabled=&#8220;off&#8220; button_one_bg_color__hover_enabled=&#8220;off&#8220; button_two_bg_color__hover_enabled=&#8220;off&#8220;][\/et_pb_contact_field][et_pb_contact_field field_id=&#8220;Email&#8220; field_title=&#8220;Email c\u00edm&#8220; field_type=&#8220;email&#8220; fullwidth_field=&#8220;on&#8220; _builder_version=&#8220;4.27.5&#8243; global_colors_info=&#8220;{}&#8220; button_text_size__hover_enabled=&#8220;off&#8220; button_one_text_size__hover_enabled=&#8220;off&#8220; button_two_text_size__hover_enabled=&#8220;off&#8220; button_text_color__hover_enabled=&#8220;off&#8220; button_one_text_color__hover_enabled=&#8220;off&#8220; button_two_text_color__hover_enabled=&#8220;off&#8220; button_border_width__hover_enabled=&#8220;off&#8220; button_one_border_width__hover_enabled=&#8220;off&#8220; button_two_border_width__hover_enabled=&#8220;off&#8220; button_border_color__hover_enabled=&#8220;off&#8220; button_one_border_color__hover_enabled=&#8220;off&#8220; button_two_border_color__hover_enabled=&#8220;off&#8220; button_border_radius__hover_enabled=&#8220;off&#8220; button_one_border_radius__hover_enabled=&#8220;off&#8220; button_two_border_radius__hover_enabled=&#8220;off&#8220; button_letter_spacing__hover_enabled=&#8220;off&#8220; button_one_letter_spacing__hover_enabled=&#8220;off&#8220; button_two_letter_spacing__hover_enabled=&#8220;off&#8220; button_bg_color__hover_enabled=&#8220;off&#8220; button_one_bg_color__hover_enabled=&#8220;off&#8220; button_two_bg_color__hover_enabled=&#8220;off&#8220;][\/et_pb_contact_field][et_pb_contact_field field_id=&#8220;Message&#8220; field_title=&#8220;\u00dczenet&#8220; field_type=&#8220;text&#8220; fullwidth_field=&#8220;on&#8220; _builder_version=&#8220;4.27.5&#8243; global_colors_info=&#8220;{}&#8220; button_text_size__hover_enabled=&#8220;off&#8220; button_one_text_size__hover_enabled=&#8220;off&#8220; button_two_text_size__hover_enabled=&#8220;off&#8220; button_text_color__hover_enabled=&#8220;off&#8220; button_one_text_color__hover_enabled=&#8220;off&#8220; button_two_text_color__hover_enabled=&#8220;off&#8220; button_border_width__hover_enabled=&#8220;off&#8220; button_one_border_width__hover_enabled=&#8220;off&#8220; button_two_border_width__hover_enabled=&#8220;off&#8220; button_border_color__hover_enabled=&#8220;off&#8220; button_one_border_color__hover_enabled=&#8220;off&#8220; button_two_border_color__hover_enabled=&#8220;off&#8220; button_border_radius__hover_enabled=&#8220;off&#8220; button_one_border_radius__hover_enabled=&#8220;off&#8220; button_two_border_radius__hover_enabled=&#8220;off&#8220; button_letter_spacing__hover_enabled=&#8220;off&#8220; button_one_letter_spacing__hover_enabled=&#8220;off&#8220; button_two_letter_spacing__hover_enabled=&#8220;off&#8220; button_bg_color__hover_enabled=&#8220;off&#8220; button_one_bg_color__hover_enabled=&#8220;off&#8220; button_two_bg_color__hover_enabled=&#8220;off&#8220;][\/et_pb_contact_field][\/et_pb_contact_form][\/et_pb_column][et_pb_column type=&#8220;1_2&#8243; _builder_version=&#8220;4.27.5&#8243; custom_padding=&#8220;|||&#8220; custom_css_main_element=&#8220;margin: auto;&#8220; global_colors_info=&#8220;{}&#8220; custom_padding__hover=&#8220;|||&#8220;][et_pb_image src=&#8220;https:\/\/sophiemassage.hu\/wp-content\/uploads\/2026\/01\/sophiemassage_logo.webp&#8220; title_text=&#8220;sophiemassage_logo&#8220; _builder_version=&#8220;4.27.5&#8243; _module_preset=&#8220;default&#8220; global_colors_info=&#8220;{}&#8220;][\/et_pb_image][\/et_pb_column][\/et_pb_row][\/et_pb_section][et_pb_section fb_built=&#8220;1&#8243; admin_label=&#8220;Contact Info&#8220; _builder_version=&#8220;4.27.5&#8243; background_color=&#8220;#297FCA&#8220; background_image=&#8220;https:\/\/sophiemassage.hu\/wp-content\/uploads\/2026\/01\/sophiemassage_kapcsolat.webp&#8220; custom_margin=&#8220;100px||||false|false&#8220; custom_margin_tablet=&#8220;100px||||false|false&#8220; custom_margin_phone=&#8220;100px||||false|false&#8220; custom_margin_last_edited=&#8220;on|desktop&#8220; custom_padding=&#8220;0px||0||false|false&#8220; box_shadow_style=&#8220;preset7&#8243; box_shadow_horizontal=&#8220;0px&#8220; box_shadow_vertical=&#8220;100px&#8220; box_shadow_color=&#8220;#ffffff&#8220; locked=&#8220;off&#8220; global_colors_info=&#8220;{}&#8220;][et_pb_row column_structure=&#8220;1_2,1_2&#8243; padding_top_bottom_link_1=&#8220;true&#8220; padding_left_right_link_1=&#8220;true&#8220; _builder_version=&#8220;4.27.5&#8243; custom_padding=&#8220;33px||33px||true|false&#8220; animation_direction=&#8220;left&#8220; border_radii=&#8220;|10px|||10px&#8220; global_colors_info=&#8220;{}&#8220;][et_pb_column type=&#8220;1_2&#8243; _builder_version=&#8220;4.27.5&#8243; background_color=&#8220;#c4a56b&#8220; background_color_gradient_direction=&#8220;190deg&#8220; background_color_gradient_start=&#8220;#3fa2f7&#8243; background_color_gradient_start_position=&#8220;85%&#8220; background_color_gradient_end=&#8220;rgba(255,255,255,0)&#8220; background_color_gradient_end_position=&#8220;0%&#8220; custom_padding=&#8220;80px|80px|80px|80px&#8220; custom_padding_tablet=&#8220;|10%||10%||true&#8220; custom_padding_phone=&#8220;&#8220; custom_padding_last_edited=&#8220;on|tablet&#8220; global_colors_info=&#8220;{}&#8220; custom_padding__hover=&#8220;|||&#8220;][et_pb_blurb title=&#8220;C\u00edm&#8220; image=&#8220;https:\/\/sophiemassage.hu\/wp-content\/uploads\/2026\/01\/egg-farm3-1.png&#8220; icon_placement=&#8220;left&#8220; _builder_version=&#8220;4.27.5&#8243; header_font=&#8220;Poppins|700|||||||&#8220; header_font_size=&#8220;20px&#8220; header_line_height=&#8220;1.2em&#8220; body_font=&#8220;Muli||||||||&#8220; body_line_height=&#8220;1.8em&#8220; background_layout=&#8220;dark&#8220; animation_direction=&#8220;left&#8220; global_colors_info=&#8220;{}&#8220;]9024 Gy\u0151r, Babits Mih\u00e1ly utca 14\/a fsz.[\/et_pb_blurb][et_pb_blurb title=&#8220;Telefonsz\u00e1m&#8220; use_icon=&#8220;on&#8220; font_icon=&#8220;&#xe090;||divi||400&#8243; icon_color=&#8220;#FFFFFF&#8220; icon_placement=&#8220;left&#8220; _builder_version=&#8220;4.27.5&#8243; header_font=&#8220;Poppins|700|||||||&#8220; header_font_size=&#8220;20px&#8220; header_line_height=&#8220;1.2em&#8220; body_font=&#8220;||||||||&#8220; body_line_height=&#8220;1.8em&#8220; body_link_font=&#8220;|300|||||||&#8220; body_link_text_color=&#8220;#FFFFFF&#8220; background_layout=&#8220;dark&#8220; custom_padding=&#8220;15px|||&#8220; animation_direction=&#8220;left&#8220; global_colors_info=&#8220;{}&#8220;]<a href=\"tel:+36703632525\">+36 70 363-2525<\/a>[\/et_pb_blurb][et_pb_blurb title=&#8220;Email&#8220; use_icon=&#8220;on&#8220; font_icon=&#8220;&#xe010;||divi||400&#8243; icon_color=&#8220;#FFFFFF&#8220; icon_placement=&#8220;left&#8220; _builder_version=&#8220;4.27.5&#8243; header_font=&#8220;Poppins|700|||||||&#8220; header_font_size=&#8220;20px&#8220; header_line_height=&#8220;1.2em&#8220; body_font=&#8220;||||||||&#8220; body_line_height=&#8220;1.8em&#8220; body_link_font=&#8220;|300|||||||&#8220; body_link_text_color=&#8220;#FFFFFF&#8220; background_layout=&#8220;dark&#8220; custom_padding=&#8220;15px|||&#8220; animation_direction=&#8220;left&#8220; global_colors_info=&#8220;{}&#8220;]<\/p>\n<p><a href=\"mailto:info@sophiemassage.hu\">info@sophiemassage.hu<\/a><\/p>\n<p>[\/et_pb_blurb][et_pb_blurb title=&#8220;Id\u0151pontfoglal\u00e1s&#8220; image=&#8220;https:\/\/sophiemassage.hu\/wp-content\/uploads\/2026\/01\/egg-farm3-4.png&#8220; icon_placement=&#8220;left&#8220; _builder_version=&#8220;4.27.5&#8243; header_font=&#8220;Poppins|700|||||||&#8220; header_font_size=&#8220;20px&#8220; header_line_height=&#8220;1.2em&#8220; body_font=&#8220;Muli||||||||&#8220; body_line_height=&#8220;1.8em&#8220; background_layout=&#8220;dark&#8220; custom_padding=&#8220;15px|||&#8220; animation_direction=&#8220;left&#8220; global_colors_info=&#8220;{}&#8220;]<\/p>\n<p>Hamarosan&#8230;<\/p>\n<p>[\/et_pb_blurb][\/et_pb_column][et_pb_column type=&#8220;1_2&#8243; _builder_version=&#8220;4.16&#8243; custom_padding=&#8220;|||&#8220; custom_padding_tablet=&#8220;0px|||&#8220; custom_padding_phone=&#8220;&#8220; custom_padding_last_edited=&#8220;on|desktop&#8220; global_colors_info=&#8220;{}&#8220; custom_padding__hover=&#8220;|||&#8220;][\/et_pb_column][\/et_pb_row][\/et_pb_section]<\/p>\n","protected":false},"excerpt":{"rendered":"<p>Impressum1) Der f\u00fcr den Inhalt der Website und der \u00fcber die von Ihnen aufgerufene Internetadresse verf\u00fcgbaren Social-Media-Plattform verantwortliche Datenverantwortliche \u2013 gemeinsam als Website bezeichnet \u2013 sowie der Inhaber der Domain und der Website: B\u00e9csi Zs\u00f3fi E.V. Eingetragen unter: 9024 Gy\u0151r, Babits Mih\u00e1ly utca 14\/A Fsz 2. Nr.: 91771191-1-28 Eingetragen beim Handelsgericht Gy\u0151r. 2.) Die Aufsichtsbeh\u00f6rde [&hellip;]<\/p>\n","protected":false},"author":1,"featured_media":0,"parent":0,"menu_order":0,"comment_status":"closed","ping_status":"closed","template":"","meta":{"_acf_changed":false,"_et_pb_use_builder":"on","_et_pb_old_content":"","_et_gb_content_width":"","footnotes":""},"class_list":["post-987497096","page","type-page","status-publish","hentry"],"acf":[],"_links":{"self":[{"href":"https:\/\/sophiemassage.hu\/de\/wp-json\/wp\/v2\/pages\/987497096","targetHints":{"allow":["GET"]}}],"collection":[{"href":"https:\/\/sophiemassage.hu\/de\/wp-json\/wp\/v2\/pages"}],"about":[{"href":"https:\/\/sophiemassage.hu\/de\/wp-json\/wp\/v2\/types\/page"}],"author":[{"embeddable":true,"href":"https:\/\/sophiemassage.hu\/de\/wp-json\/wp\/v2\/users\/1"}],"replies":[{"embeddable":true,"href":"https:\/\/sophiemassage.hu\/de\/wp-json\/wp\/v2\/comments?post=987497096"}],"version-history":[{"count":3,"href":"https:\/\/sophiemassage.hu\/de\/wp-json\/wp\/v2\/pages\/987497096\/revisions"}],"predecessor-version":[{"id":987497099,"href":"https:\/\/sophiemassage.hu\/de\/wp-json\/wp\/v2\/pages\/987497096\/revisions\/987497099"}],"wp:attachment":[{"href":"https:\/\/sophiemassage.hu\/de\/wp-json\/wp\/v2\/media?parent=987497096"}],"curies":[{"name":"wp","href":"https:\/\/api.w.org\/{rel}","templated":true}]}}