{"id":987496960,"date":"2026-02-23T16:56:46","date_gmt":"2026-02-23T16:56:46","guid":{"rendered":"https:\/\/sophiemassage.hu\/?page_id=987496960"},"modified":"2026-03-03T10:50:27","modified_gmt":"2026-03-03T10:50:27","slug":"ueber-mich","status":"publish","type":"page","link":"https:\/\/sophiemassage.hu\/de\/ueber-mich\/","title":{"rendered":"\u00dcber mich"},"content":{"rendered":"<p>[et_pb_section fb_built=&#8220;1&#8243; custom_padding_last_edited=&#8220;on|phone&#8220; admin_label=&#8220;Section &#8211; About header&#8220; _builder_version=&#8220;4.27.5&#8243; background_color=&#8220;rgba(196,165,107,0.1)&#8220; parallax=&#8220;on&#8220; parallax_method=&#8220;off&#8220; custom_padding=&#8220;80px||200px||false|false&#8220; custom_padding_tablet=&#8220;40px||40px||true|false&#8220; custom_padding_phone=&#8220;30px||30px||true|false&#8220; global_colors_info=&#8220;{}&#8220;][et_pb_row custom_padding_last_edited=&#8220;on|phone&#8220; _builder_version=&#8220;4.27.5&#8243; background_size=&#8220;initial&#8220; background_position=&#8220;top_left&#8220; background_repeat=&#8220;repeat&#8220; custom_padding_tablet=&#8220;&#8220; custom_padding_phone=&#8220;||10px||false|false&#8220; global_colors_info=&#8220;{}&#8220;][et_pb_column type=&#8220;4_4&#8243; _builder_version=&#8220;4.16&#8243; custom_padding=&#8220;|||&#8220; global_colors_info=&#8220;{}&#8220; custom_padding__hover=&#8220;|||&#8220;][et_pb_text admin_label=&#8220;About Page Top Header &#8211; Text&#8220; _builder_version=&#8220;4.27.5&#8243; text_font=&#8220;|300|||||||&#8220; text_font_size=&#8220;20px&#8220; header_font=&#8220;|700||on|||||&#8220; header_text_color=&#8220;#c4a56b&#8220; header_font_size=&#8220;60px&#8220; text_orientation=&#8220;center&#8220; module_alignment=&#8220;center&#8220; text_font_size_tablet=&#8220;19px&#8220; text_font_size_phone=&#8220;17px&#8220; text_font_size_last_edited=&#8220;on|phone&#8220; header_font_size_tablet=&#8220;50px&#8220; header_font_size_phone=&#8220;28px&#8220; header_font_size_last_edited=&#8220;on|tablet&#8220; global_colors_info=&#8220;{}&#8220;]<\/p>\n<h1>\u00dcber mich<\/h1>\n<p>[\/et_pb_text][\/et_pb_column][\/et_pb_row][\/et_pb_section][et_pb_section fb_built=&#8220;1&#8243; custom_padding_last_edited=&#8220;on|desktop&#8220; admin_label=&#8220;Section &#8211; About content&#8220; _builder_version=&#8220;4.27.5&#8243; custom_padding=&#8220;0px||10px|&#8220; custom_padding_tablet=&#8220;50px|||&#8220; custom_padding_phone=&#8220;20px||||false|false&#8220; global_colors_info=&#8220;{}&#8220;][et_pb_row column_structure=&#8220;1_2,1_2&#8243; use_custom_gutter=&#8220;on&#8220; gutter_width=&#8220;1&#8243; make_equal=&#8220;on&#8220; custom_padding_last_edited=&#8220;on|phone&#8220; module_class=&#8220;about-page-content&#8220; _builder_version=&#8220;4.27.5&#8243; custom_margin_tablet=&#8220;&#8220; custom_margin_phone=&#8220;0px||||false|false&#8220; custom_margin_last_edited=&#8220;on|desktop&#8220; custom_padding=&#8220;||||false|false&#8220; custom_padding_tablet=&#8220;||||false|false&#8220; custom_padding_phone=&#8220;0px||||false|false&#8220; global_colors_info=&#8220;{}&#8220;][et_pb_column type=&#8220;1_2&#8243; _builder_version=&#8220;4.16&#8243; background_color=&#8220;#ffffff&#8220; custom_padding=&#8220;75px|50px|30px|50px&#8220; custom_padding_tablet=&#8220;30px|0px|0px|0px&#8220; custom_padding_phone=&#8220;30px|0px|0px|0px&#8220; custom_padding_last_edited=&#8220;on|desktop&#8220; global_colors_info=&#8220;{}&#8220; custom_padding__hover=&#8220;|||&#8220;][et_pb_text admin_label=&#8220;Text h1 header&#8220; _builder_version=&#8220;4.27.5&#8243; header_font=&#8220;|700|||||||&#8220; custom_margin=&#8220;||20px|&#8220; header_font_size_tablet=&#8220;33px&#8220; header_font_size_phone=&#8220;20px&#8220; header_font_size_last_edited=&#8220;on|phone&#8220; global_colors_info=&#8220;{}&#8220;]<\/p>\n<h1>Willkommen im Universum der Sophie Massage<\/h1>\n<p>[\/et_pb_text][et_pb_text _builder_version=&#8220;4.27.5&#8243; text_font=&#8220;|300|||||||&#8220; global_colors_info=&#8220;{}&#8220;]<\/p>\n<p style=\"text-align: justify;\">Ich verf\u00fcge \u00fcber mehrere Jahre Erfahrung mit Leidenschaft f\u00fcr den menschlichen K\u00f6rper.<\/p>\n<p style=\"text-align: justify;\">Seit meiner Kindheit arbeite ich gerne mit dem K\u00f6rper. In den letzten Jahren habe ich mich in der Massage verwirklicht und helfe G\u00e4sten beim Entspannen.<\/p>\n<p style=\"text-align: justify;\">Das L\u00e4cheln meiner G\u00e4ste erf\u00fcllt mich mit Freude.<\/p>\n<p style=\"text-align: justify;\">Auch ich tanke Energie durch sie und gebe positive Energie weiter.<\/p>\n<p style=\"text-align: justify;\">Das Bewusstsein, mit meiner Ber\u00fchrung zum Wohlbefinden anderer beizutragen, ist mir wichtig.<\/p>\n<p style=\"text-align: justify;\">Massage wirkt in beide Richtungen und bringt auch dem Therapeuten Ruhe und meditative Entspannung.<\/p>\n<p style=\"text-align: justify;\">Ein wenig Me-Time auf der Insel der Ruhe \u2013 Erholung und Entspannung erwarten dich in meinem Salon.<\/p>\n<p>[\/et_pb_text][et_pb_text admin_label=&#8220;Text &#8211; signature&#8220; _builder_version=&#8220;4.27.5&#8243; text_font=&#8220;La Belle Aurore||||||||&#8220; text_text_color=&#8220;#232323&#8243; text_font_size=&#8220;45px&#8220; text_line_height=&#8220;1.1&#8243; header_font=&#8220;||||||||&#8220; text_orientation=&#8220;right&#8220; module_alignment=&#8220;right&#8220; custom_margin=&#8220;20px|||&#8220; custom_margin_tablet=&#8220;30px||20px||false|false&#8220; custom_margin_phone=&#8220;30px||20px||false|false&#8220; custom_margin_last_edited=&#8220;on|tablet&#8220; text_font_size_tablet=&#8220;45px&#8220; text_font_size_phone=&#8220;36px&#8220; text_font_size_last_edited=&#8220;on|phone&#8220; global_colors_info=&#8220;{}&#8220;]Zs\u00f3fi B\u00e9csi[\/et_pb_text][\/et_pb_column][et_pb_column type=&#8220;1_2&#8243; _builder_version=&#8220;4.27.5&#8243; background_color=&#8220;#f9f9f9&#8243; background_image=&#8220;https:\/\/sophiemassage.hu\/wp-content\/uploads\/2026\/02\/sophiemassage_1_0725.jpg&#8220; custom_padding=&#8220;|||&#8220; custom_padding_tablet=&#8220;200px||200px||true|false&#8220; custom_padding_phone=&#8220;200px||200px||true|false&#8220; custom_padding_last_edited=&#8220;on|tablet&#8220; global_colors_info=&#8220;{}&#8220; custom_padding__hover=&#8220;|||&#8220;][et_pb_text _builder_version=&#8220;4.27.5&#8243; _module_preset=&#8220;default&#8220; global_colors_info=&#8220;{}&#8220;][\/et_pb_text][\/et_pb_column][\/et_pb_row][\/et_pb_section][et_pb_section fb_built=&#8220;1&#8243; _builder_version=&#8220;4.27.5&#8243; _module_preset=&#8220;default&#8220; custom_padding=&#8220;18px|||||&#8220; global_module=&#8220;987497036&#8243; saved_tabs=&#8220;all&#8220; locked=&#8220;off&#8220; global_colors_info=&#8220;{}&#8220;][et_pb_row _builder_version=&#8220;4.16&#8243; custom_padding=&#8220;||10px|&#8220; global_colors_info=&#8220;{}&#8220;][et_pb_column type=&#8220;4_4&#8243; _builder_version=&#8220;4.16&#8243; custom_padding=&#8220;|||&#8220; global_colors_info=&#8220;{}&#8220; custom_padding__hover=&#8220;|||&#8220;][et_pb_text admin_label=&#8220;Default Header&#8220; module_class=&#8220;default-header&#8220; _builder_version=&#8220;4.27.5&#8243; text_font=&#8220;|300|||||||&#8220; module_alignment=&#8220;right&#8220; global_colors_info=&#8220;{}&#8220;]<\/p>\n<h1>Schreib uns<\/h1>\n<p>Kontaktieren Sie uns telefonisch, per E-Mail oder \u00fcber das Formular.<\/p>\n<p>[\/et_pb_text][\/et_pb_column][\/et_pb_row][et_pb_row column_structure=&#8220;1_2,1_2&#8243; make_equal=&#8220;on&#8220; _builder_version=&#8220;4.27.5&#8243; global_colors_info=&#8220;{}&#8220;][et_pb_column type=&#8220;1_2&#8243; _builder_version=&#8220;4.27.5&#8243; custom_padding=&#8220;|||&#8220; custom_css_main_element=&#8220;margin: auto;&#8220; global_colors_info=&#8220;{}&#8220; custom_padding__hover=&#8220;|||&#8220;][et_pb_contact_form use_spam_service=&#8220;on&#8220; recaptcha_list=&#8220;sophiemassagehu|sophiemassagehu-0&#8243; email=&#8220;info@sophiemassage.hu&#8220; custom_message=&#8220;N\u00e9v: %%Name%%||et_pb_line_break_holder||Email: %%Email%%||et_pb_line_break_holder||\u00dczenet: %%Message%%||et_pb_line_break_holder||||et_pb_line_break_holder||Az \u00fczenet k\u00fcldve a sophiemassage.hu oldalr\u00f3l.&#8220; admin_label=&#8220;Contact Form &#8211; class .de-contact-form&#8220; module_class=&#8220;de-contact-form&#8220; _builder_version=&#8220;4.27.5&#8243; _unique_id=&#8220;99660aef-7e41-407e-b412-8903b3864920&#8243; form_field_text_color=&#8220;#000000&#8243; form_field_font=&#8220;|300|||||||&#8220; custom_button=&#8220;on&#8220; button_text_color=&#8220;#ffffff&#8220; button_bg_color=&#8220;#c4a56b&#8220; button_border_radius=&#8220;10px&#8220; button_font=&#8220;||||||||&#8220; button_use_icon=&#8220;off&#8220; global_colors_info=&#8220;{}&#8220;][et_pb_contact_field field_id=&#8220;Name&#8220; field_title=&#8220;Name&#8220; fullwidth_field=&#8220;on&#8220; _builder_version=&#8220;4.27.5&#8243; global_colors_info=&#8220;{}&#8220; button_text_size__hover_enabled=&#8220;off&#8220; button_one_text_size__hover_enabled=&#8220;off&#8220; button_two_text_size__hover_enabled=&#8220;off&#8220; button_text_color__hover_enabled=&#8220;off&#8220; button_one_text_color__hover_enabled=&#8220;off&#8220; button_two_text_color__hover_enabled=&#8220;off&#8220; button_border_width__hover_enabled=&#8220;off&#8220; button_one_border_width__hover_enabled=&#8220;off&#8220; button_two_border_width__hover_enabled=&#8220;off&#8220; button_border_color__hover_enabled=&#8220;off&#8220; button_one_border_color__hover_enabled=&#8220;off&#8220; button_two_border_color__hover_enabled=&#8220;off&#8220; button_border_radius__hover_enabled=&#8220;off&#8220; button_one_border_radius__hover_enabled=&#8220;off&#8220; button_two_border_radius__hover_enabled=&#8220;off&#8220; button_letter_spacing__hover_enabled=&#8220;off&#8220; button_one_letter_spacing__hover_enabled=&#8220;off&#8220; button_two_letter_spacing__hover_enabled=&#8220;off&#8220; button_bg_color__hover_enabled=&#8220;off&#8220; button_one_bg_color__hover_enabled=&#8220;off&#8220; button_two_bg_color__hover_enabled=&#8220;off&#8220;][\/et_pb_contact_field][et_pb_contact_field field_id=&#8220;Email&#8220; field_title=&#8220;Email&#8220; field_type=&#8220;email&#8220; fullwidth_field=&#8220;on&#8220; _builder_version=&#8220;4.27.5&#8243; global_colors_info=&#8220;{}&#8220; button_text_size__hover_enabled=&#8220;off&#8220; button_one_text_size__hover_enabled=&#8220;off&#8220; button_two_text_size__hover_enabled=&#8220;off&#8220; button_text_color__hover_enabled=&#8220;off&#8220; button_one_text_color__hover_enabled=&#8220;off&#8220; button_two_text_color__hover_enabled=&#8220;off&#8220; button_border_width__hover_enabled=&#8220;off&#8220; button_one_border_width__hover_enabled=&#8220;off&#8220; button_two_border_width__hover_enabled=&#8220;off&#8220; button_border_color__hover_enabled=&#8220;off&#8220; button_one_border_color__hover_enabled=&#8220;off&#8220; button_two_border_color__hover_enabled=&#8220;off&#8220; button_border_radius__hover_enabled=&#8220;off&#8220; button_one_border_radius__hover_enabled=&#8220;off&#8220; button_two_border_radius__hover_enabled=&#8220;off&#8220; button_letter_spacing__hover_enabled=&#8220;off&#8220; button_one_letter_spacing__hover_enabled=&#8220;off&#8220; button_two_letter_spacing__hover_enabled=&#8220;off&#8220; button_bg_color__hover_enabled=&#8220;off&#8220; button_one_bg_color__hover_enabled=&#8220;off&#8220; button_two_bg_color__hover_enabled=&#8220;off&#8220;][\/et_pb_contact_field][et_pb_contact_field field_id=&#8220;Message&#8220; field_title=&#8220;Nachricht&#8220; field_type=&#8220;text&#8220; fullwidth_field=&#8220;on&#8220; _builder_version=&#8220;4.27.5&#8243; global_colors_info=&#8220;{}&#8220; button_text_size__hover_enabled=&#8220;off&#8220; button_one_text_size__hover_enabled=&#8220;off&#8220; button_two_text_size__hover_enabled=&#8220;off&#8220; button_text_color__hover_enabled=&#8220;off&#8220; button_one_text_color__hover_enabled=&#8220;off&#8220; button_two_text_color__hover_enabled=&#8220;off&#8220; button_border_width__hover_enabled=&#8220;off&#8220; button_one_border_width__hover_enabled=&#8220;off&#8220; button_two_border_width__hover_enabled=&#8220;off&#8220; button_border_color__hover_enabled=&#8220;off&#8220; button_one_border_color__hover_enabled=&#8220;off&#8220; button_two_border_color__hover_enabled=&#8220;off&#8220; button_border_radius__hover_enabled=&#8220;off&#8220; button_one_border_radius__hover_enabled=&#8220;off&#8220; button_two_border_radius__hover_enabled=&#8220;off&#8220; button_letter_spacing__hover_enabled=&#8220;off&#8220; button_one_letter_spacing__hover_enabled=&#8220;off&#8220; button_two_letter_spacing__hover_enabled=&#8220;off&#8220; button_bg_color__hover_enabled=&#8220;off&#8220; button_one_bg_color__hover_enabled=&#8220;off&#8220; button_two_bg_color__hover_enabled=&#8220;off&#8220;][\/et_pb_contact_field][\/et_pb_contact_form][\/et_pb_column][et_pb_column type=&#8220;1_2&#8243; _builder_version=&#8220;4.27.5&#8243; custom_padding=&#8220;|||&#8220; custom_css_main_element=&#8220;margin: auto;&#8220; global_colors_info=&#8220;{}&#8220; custom_padding__hover=&#8220;|||&#8220;][et_pb_image src=&#8220;https:\/\/sophiemassage.hu\/wp-content\/uploads\/2026\/01\/sophiemassage_logo.webp&#8220; title_text=&#8220;sophiemassage_logo&#8220; _builder_version=&#8220;4.27.5&#8243; _module_preset=&#8220;default&#8220; custom_margin_tablet=&#8220;30px||||false|false&#8220; custom_margin_phone=&#8220;30px||||false|false&#8220; custom_margin_last_edited=&#8220;on|tablet&#8220; border_radii=&#8220;on|15px|15px|15px|15px&#8220; border_width_all=&#8220;1px&#8220; border_color_all=&#8220;#c4a56b&#8220; global_colors_info=&#8220;{}&#8220; background__hover_enabled=&#8220;on|hover&#8220;][\/et_pb_image][\/et_pb_column][\/et_pb_row][\/et_pb_section][et_pb_section fb_built=&#8220;1&#8243; admin_label=&#8220;Contact Info&#8220; _builder_version=&#8220;4.27.5&#8243; background_color=&#8220;#297FCA&#8220; background_image=&#8220;https:\/\/sophiemassage.hu\/wp-content\/uploads\/2026\/01\/sophiemassage_kapcsolat.webp&#8220; custom_margin=&#8220;100px||||false|false&#8220; custom_margin_tablet=&#8220;100px||||false|false&#8220; custom_margin_phone=&#8220;100px||||false|false&#8220; custom_margin_last_edited=&#8220;on|desktop&#8220; custom_padding=&#8220;0px||0||false|false&#8220; box_shadow_style=&#8220;preset7&#8243; box_shadow_horizontal=&#8220;0px&#8220; box_shadow_vertical=&#8220;100px&#8220; box_shadow_color=&#8220;#ffffff&#8220; global_module=&#8220;987497037&#8243; saved_tabs=&#8220;all&#8220; global_colors_info=&#8220;{}&#8220;][et_pb_row column_structure=&#8220;1_2,1_2&#8243; padding_top_bottom_link_1=&#8220;true&#8220; padding_left_right_link_1=&#8220;true&#8220; _builder_version=&#8220;4.27.5&#8243; custom_padding=&#8220;33px||33px||true|false&#8220; animation_direction=&#8220;left&#8220; border_radii=&#8220;|10px|||10px&#8220; global_colors_info=&#8220;{}&#8220;][et_pb_column type=&#8220;1_2&#8243; _builder_version=&#8220;4.27.5&#8243; background_color=&#8220;#c4a56b&#8220; background_color_gradient_direction=&#8220;190deg&#8220; background_color_gradient_start=&#8220;#3fa2f7&#8243; background_color_gradient_start_position=&#8220;85%&#8220; background_color_gradient_end=&#8220;rgba(255,255,255,0)&#8220; background_color_gradient_end_position=&#8220;0%&#8220; custom_padding=&#8220;80px|80px|80px|80px&#8220; custom_padding_tablet=&#8220;|10%||10%||true&#8220; custom_padding_phone=&#8220;&#8220; custom_padding_last_edited=&#8220;on|tablet&#8220; global_colors_info=&#8220;{}&#8220; custom_padding__hover=&#8220;|||&#8220;][et_pb_blurb title=&#8220;Adresse&#8220; image=&#8220;https:\/\/sophiemassage.hu\/wp-content\/uploads\/2026\/01\/egg-farm3-1.png&#8220; icon_placement=&#8220;left&#8220; _builder_version=&#8220;4.27.5&#8243; header_font=&#8220;Poppins|700|||||||&#8220; header_font_size=&#8220;20px&#8220; header_line_height=&#8220;1.2em&#8220; body_font=&#8220;Muli||||||||&#8220; body_line_height=&#8220;1.8em&#8220; background_layout=&#8220;dark&#8220; animation_direction=&#8220;left&#8220; global_colors_info=&#8220;{}&#8220;]<\/p>\n<p>9024 Gy\u0151r, Babits Mih\u00e1ly utca 14\/a fsz.<\/p>\n<p>[\/et_pb_blurb][et_pb_blurb title=&#8220;Telefon&#8220; use_icon=&#8220;on&#8220; font_icon=&#8220;&#xe090;||divi||400&#8243; icon_color=&#8220;#FFFFFF&#8220; icon_placement=&#8220;left&#8220; _builder_version=&#8220;4.27.5&#8243; header_font=&#8220;Poppins|700|||||||&#8220; header_font_size=&#8220;20px&#8220; header_line_height=&#8220;1.2em&#8220; body_font=&#8220;||||||||&#8220; body_line_height=&#8220;1.8em&#8220; body_link_font=&#8220;|300|||||||&#8220; body_link_text_color=&#8220;#FFFFFF&#8220; background_layout=&#8220;dark&#8220; custom_padding=&#8220;15px|||&#8220; animation_direction=&#8220;left&#8220; global_colors_info=&#8220;{}&#8220;]<\/p>\n<p><a href=\"tel:+36703632525\">+36 70 363-2525<\/a><\/p>\n<p>[\/et_pb_blurb][et_pb_blurb title=&#8220;Email&#8220; use_icon=&#8220;on&#8220; font_icon=&#8220;&#xe010;||divi||400&#8243; icon_color=&#8220;#FFFFFF&#8220; icon_placement=&#8220;left&#8220; _builder_version=&#8220;4.27.5&#8243; header_font=&#8220;Poppins|700|||||||&#8220; header_font_size=&#8220;20px&#8220; header_line_height=&#8220;1.2em&#8220; body_font=&#8220;||||||||&#8220; body_line_height=&#8220;1.8em&#8220; body_link_font=&#8220;|300|||||||&#8220; body_link_text_color=&#8220;#FFFFFF&#8220; background_layout=&#8220;dark&#8220; custom_padding=&#8220;15px|||&#8220; animation_direction=&#8220;left&#8220; global_colors_info=&#8220;{}&#8220;]<\/p>\n<p><a href=\"mailto:info@sophiemassage.hu\">info@sophiemassage.hu<\/a><\/p>\n<p>[\/et_pb_blurb][et_pb_blurb title=&#8220;Terminvereinbarung&#8220; image=&#8220;https:\/\/sophiemassage.hu\/wp-content\/uploads\/2026\/01\/egg-farm3-4.png&#8220; icon_placement=&#8220;left&#8220; _builder_version=&#8220;4.27.5&#8243; header_font=&#8220;Poppins|700|||||||&#8220; header_font_size=&#8220;20px&#8220; header_line_height=&#8220;1.2em&#8220; body_font=&#8220;||||||||&#8220; body_text_color=&#8220;#FFFFFF&#8220; body_line_height=&#8220;1.8em&#8220; body_link_font=&#8220;|300|||||||&#8220; body_link_text_color=&#8220;#FFFFFF&#8220; background_layout=&#8220;dark&#8220; custom_padding=&#8220;15px|||&#8220; animation_direction=&#8220;left&#8220; hover_enabled=&#8220;0&#8243; global_colors_info=&#8220;{}&#8220; sticky_enabled=&#8220;0&#8243;]<a href=\"https:\/\/Sophie.onlinefoglalas.hu\">Klicken Sie hier, um einen Termin zu buchen.<\/a>[\/et_pb_blurb][\/et_pb_column][et_pb_column type=&#8220;1_2&#8243; _builder_version=&#8220;4.16&#8243; custom_padding=&#8220;|||&#8220; custom_padding_tablet=&#8220;0px|||&#8220; custom_padding_phone=&#8220;&#8220; custom_padding_last_edited=&#8220;on|desktop&#8220; global_colors_info=&#8220;{}&#8220; custom_padding__hover=&#8220;|||&#8220;][\/et_pb_column][\/et_pb_row][\/et_pb_section]<\/p>\n","protected":false},"excerpt":{"rendered":"<p>\u00dcber michWillkommen im Universum der Sophie MassageIch verf\u00fcge \u00fcber mehrere Jahre Erfahrung mit Leidenschaft f\u00fcr den menschlichen K\u00f6rper. Seit meiner Kindheit arbeite ich gerne mit dem K\u00f6rper. In den letzten Jahren habe ich mich in der Massage verwirklicht und helfe G\u00e4sten beim Entspannen. Das L\u00e4cheln meiner G\u00e4ste erf\u00fcllt mich mit Freude. Auch ich tanke Energie [&hellip;]<\/p>\n","protected":false},"author":1,"featured_media":0,"parent":0,"menu_order":0,"comment_status":"closed","ping_status":"closed","template":"","meta":{"_acf_changed":false,"_et_pb_use_builder":"on","_et_pb_old_content":"","_et_gb_content_width":"","footnotes":""},"class_list":["post-987496960","page","type-page","status-publish","hentry"],"acf":[],"_links":{"self":[{"href":"https:\/\/sophiemassage.hu\/de\/wp-json\/wp\/v2\/pages\/987496960","targetHints":{"allow":["GET"]}}],"collection":[{"href":"https:\/\/sophiemassage.hu\/de\/wp-json\/wp\/v2\/pages"}],"about":[{"href":"https:\/\/sophiemassage.hu\/de\/wp-json\/wp\/v2\/types\/page"}],"author":[{"embeddable":true,"href":"https:\/\/sophiemassage.hu\/de\/wp-json\/wp\/v2\/users\/1"}],"replies":[{"embeddable":true,"href":"https:\/\/sophiemassage.hu\/de\/wp-json\/wp\/v2\/comments?post=987496960"}],"version-history":[{"count":13,"href":"https:\/\/sophiemassage.hu\/de\/wp-json\/wp\/v2\/pages\/987496960\/revisions"}],"predecessor-version":[{"id":987497147,"href":"https:\/\/sophiemassage.hu\/de\/wp-json\/wp\/v2\/pages\/987496960\/revisions\/987497147"}],"wp:attachment":[{"href":"https:\/\/sophiemassage.hu\/de\/wp-json\/wp\/v2\/media?parent=987496960"}],"curies":[{"name":"wp","href":"https:\/\/api.w.org\/{rel}","templated":true}]}}